{"id":1570,"date":"2019-11-23T23:53:48","date_gmt":"2019-11-23T20:53:48","guid":{"rendered":"http:\/\/dev.bruell-gruber.eu\/?page_id=1570"},"modified":"2020-10-16T12:06:07","modified_gmt":"2020-10-16T09:06:07","slug":"design-preis-fuer-bruellgruber","status":"publish","type":"page","link":"https:\/\/bruell-gruber.eu\/en\/design-preis-fuer-bruellgruber\/","title":{"rendered":"\u201eTop 100 2015&#8243; Innovationspreis f\u00fcr Br\u00fcll+Gruber Metalldesign"},"content":{"rendered":"<h2> <\/h2>\n\n\n\n<p>\nTop 100 ermittelt jedes Jahr die innovativsten Unternehmen des deutschen\n Mittelstands. Das anspruchsvolle Auswahlverfahren des \nInnovationsforschers Prof. Dr. Nikolaus Franke der \nWirtschaftsuniversit\u00e4t in Wien untersucht nach \u00fcber 100 Kriterien das \nInnovationsmanagement und den Innovationserfolg von Unternehmen. 2015 \nhatten mehr als 4.000 Unternehmen die Unterlagen angefordert. 178 \nUnternehmen (in drei Gr\u00f6\u00dfenklassen) schafften den Sprung in die Top 100.\n Das M\u00fcnchener Team von Br\u00fcll+Gruber Metallbau freut sich \u00fcber die \nAuszeichnung. Denn &#8222;unter die\u00adser Marke ver\u00adsam\u00admeln sich \nIn\u00adno\u00adva\u00adto\u00adren, die zur Welt\u00adklas\u00adse ge\u00adh\u00f6\u00adren&#8220;, so Prof. Dr. \nNi\u00adko\u00adlaus Fran\u00adke.\n\n<\/p>\n\n\n\n<div class=\"wp-block-coblocks-row coblocks-row-1023215514166\" data-columns=\"2\" data-layout=\"33-66\"><div class=\"wp-block-coblocks-row__inner has-medium-gutter has-no-padding has-no-margin is-stacked-on-mobile\">\n<div class=\"wp-block-coblocks-column coblocks-column-1023215527916\" style=\"width:33%\"><div class=\"wp-block-coblocks-column__inner has-no-padding has-no-margin\">\n<figure class=\"wp-block-image\"><img width=\"224\" height=\"300\" src=\"https:\/\/bruell-gruber.eu\/wp-content\/uploads\/2019\/11\/Top-Innovator_2015.jpg\" alt=\"\" class=\"wp-image-1574\"\/><\/figure>\n<\/div><\/div>\n\n\n\n<div class=\"wp-block-coblocks-column coblocks-column-1023215527928\" style=\"width:66%\"><div class=\"wp-block-coblocks-column__inner has-no-padding has-no-margin\">\n<figure class=\"wp-block-image\"><img width=\"421\" height=\"300\" src=\"https:\/\/bruell-gruber.eu\/wp-content\/uploads\/2019\/11\/BG-Top-100-Auszeichung.jpg\" alt=\"\" class=\"wp-image-1573\" srcset=\"https:\/\/bruell-gruber.eu\/wp-content\/uploads\/2019\/11\/BG-Top-100-Auszeichung.jpg 421w, https:\/\/bruell-gruber.eu\/wp-content\/uploads\/2019\/11\/BG-Top-100-Auszeichung-300x214.jpg 300w\" sizes=\"(max-width: 421px) 100vw, 421px\" \/><\/figure>\n<\/div><\/div>\n<\/div><\/div>\n\n\n\n<p>\nDen Innovationspreis &#8222;Top 100&#8220; verlieh Mentor Ranga Yogeshwar der Firma \nBr\u00fcll+Gruber w\u00e4hrend des Mittelstands-Summit 2015 am 27. Juni 2015 in \nEssen. Frau und Herr Gruber nahmen die Auszeichnung entgegen\n\n<\/p>","protected":false},"excerpt":{"rendered":"<p>Top 100 ermittelt jedes Jahr die innovativsten Unternehmen des deutschen Mittelstands. Das anspruchsvolle Auswahlverfahren des Innovationsforschers Prof. Dr. Nikolaus Franke der Wirtschaftsuniversit\u00e4t in Wien untersucht nach \u00fcber 100 Kriterien das Innovationsmanagement und den Innovationserfolg von Unternehmen. 2015 hatten mehr als 4.000 Unternehmen die Unterlagen angefordert. 178 Unternehmen (in drei Gr\u00f6\u00dfenklassen) schafften den Sprung in die&#8230; <a href=\"https:\/\/bruell-gruber.eu\/en\/design-preis-fuer-bruellgruber\/\" class=\"readmore\">Read More<\/a><\/p>","protected":false},"author":2,"featured_media":0,"parent":0,"menu_order":0,"comment_status":"closed","ping_status":"closed","template":"","meta":{"_coblocks_attr":"","_coblocks_dimensions":"","_coblocks_responsive_height":"","_coblocks_accordion_ie_support":""},"rttpg_featured_image_url":null,"rttpg_author":{"display_name":"admin","author_link":"https:\/\/bruell-gruber.eu\/en\/author\/admin\/"},"rttpg_comment":0,"rttpg_category":null,"rttpg_excerpt":"Top 100 ermittelt jedes Jahr die innovativsten Unternehmen des deutschen Mittelstands. Das anspruchsvolle Auswahlverfahren des Innovationsforschers Prof. Dr. Nikolaus Franke der Wirtschaftsuniversit\u00e4t in Wien untersucht nach \u00fcber 100 Kriterien das Innovationsmanagement und den Innovationserfolg von Unternehmen. 2015 hatten mehr als 4.000 Unternehmen die Unterlagen angefordert. 178 Unternehmen (in drei Gr\u00f6\u00dfenklassen) schafften den Sprung in die...&hellip;","_links":{"self":[{"href":"https:\/\/bruell-gruber.eu\/en\/wp-json\/wp\/v2\/pages\/1570"}],"collection":[{"href":"https:\/\/bruell-gruber.eu\/en\/wp-json\/wp\/v2\/pages"}],"about":[{"href":"https:\/\/bruell-gruber.eu\/en\/wp-json\/wp\/v2\/types\/page"}],"author":[{"embeddable":true,"href":"https:\/\/bruell-gruber.eu\/en\/wp-json\/wp\/v2\/users\/2"}],"replies":[{"embeddable":true,"href":"https:\/\/bruell-gruber.eu\/en\/wp-json\/wp\/v2\/comments?post=1570"}],"version-history":[{"count":2,"href":"https:\/\/bruell-gruber.eu\/en\/wp-json\/wp\/v2\/pages\/1570\/revisions"}],"predecessor-version":[{"id":2348,"href":"https:\/\/bruell-gruber.eu\/en\/wp-json\/wp\/v2\/pages\/1570\/revisions\/2348"}],"wp:attachment":[{"href":"https:\/\/bruell-gruber.eu\/en\/wp-json\/wp\/v2\/media?parent=1570"}],"curies":[{"name":"wp","href":"https:\/\/api.w.org\/{rel}","templated":true}]}}