{"id":1578,"date":"2019-11-24T00:01:25","date_gmt":"2019-11-23T21:01:25","guid":{"rendered":"http:\/\/dev.bruell-gruber.eu\/?page_id=1578"},"modified":"2020-02-14T19:57:32","modified_gmt":"2020-02-14T16:57:32","slug":"houzz-award-2017-fuer-bruellgruber-metallbau","status":"publish","type":"page","link":"https:\/\/bruell-gruber.eu\/en\/houzz-award-2017-fuer-bruellgruber-metallbau\/","title":{"rendered":"\u201eHOUZZ Award 2017&#8243; f\u00fcr Br\u00fcll + Gruber Metallbau"},"content":{"rendered":"<p> Houzz Deutschland ist die f\u00fchrende Plattform f\u00fcr Interior Design,  Architektur und Wohnen. Im Februar 2017 wurden die &#8222;Best Of Houzz Awards  2017 Deutschland&#8220; vergeben. Br\u00fcll + Gruber Metallbau freut sich \u00fcber  diesen Design-Preis.<br><br>Mit der Auszeichnung k\u00fcrt die Community der \u00fcber 40  Millionen monatlichen Nutzer die beliebtesten Wohn- und Bauexperten, die  auf der Plattform aktiv sind. Die Awards dienen somit als Empfehlung  von Hausbesitzern f\u00fcr Hausbesitzer bei der Suche nach dem richtigen  Architekten, Interior Designer oder Handwerker. <\/p>\n\n\n\n<div class=\"wp-block-coblocks-row coblocks-row-102322033204\" data-columns=\"2\" data-layout=\"50-50\"><div class=\"wp-block-coblocks-row__inner has-medium-gutter has-no-padding has-no-margin is-stacked-on-mobile\">\n<div class=\"wp-block-coblocks-column coblocks-column-102322044343\" style=\"width:50%\"><div class=\"wp-block-coblocks-column__inner has-no-padding has-no-margin\">\n<figure class=\"wp-block-image\"><img width=\"313\" height=\"450\" src=\"https:\/\/bruell-gruber.eu\/wp-content\/uploads\/2019\/11\/houzz_urkunde.jpg\" alt=\"\" class=\"wp-image-1579\" srcset=\"https:\/\/bruell-gruber.eu\/wp-content\/uploads\/2019\/11\/houzz_urkunde.jpg 313w, https:\/\/bruell-gruber.eu\/wp-content\/uploads\/2019\/11\/houzz_urkunde-209x300.jpg 209w\" sizes=\"(max-width: 313px) 100vw, 313px\" \/><\/figure>\n<\/div><\/div>\n\n\n\n<div class=\"wp-block-coblocks-column coblocks-column-102322044355\" style=\"width:50%\"><div class=\"wp-block-coblocks-column__inner has-no-padding has-no-margin\">\n<figure class=\"wp-block-image\"><img width=\"300\" height=\"300\" src=\"https:\/\/bruell-gruber.eu\/wp-content\/uploads\/2019\/11\/Best_of_Houzz_2017_Award_Logo.png\" alt=\"\" class=\"wp-image-1565\"\/><\/figure>\n<\/div><\/div>\n<\/div><\/div>","protected":false},"excerpt":{"rendered":"<p>Houzz Deutschland ist die f\u00fchrende Plattform f\u00fcr Interior Design, Architektur und Wohnen. Im Februar 2017 wurden die &#8222;Best Of Houzz Awards 2017 Deutschland&#8220; vergeben. Br\u00fcll + Gruber Metallbau freut sich \u00fcber diesen Design-Preis. Mit der Auszeichnung k\u00fcrt die Community der \u00fcber 40 Millionen monatlichen Nutzer die beliebtesten Wohn- und Bauexperten, die auf der Plattform aktiv&#8230; <a href=\"https:\/\/bruell-gruber.eu\/en\/houzz-award-2017-fuer-bruellgruber-metallbau\/\" class=\"readmore\">Read More<\/a><\/p>","protected":false},"author":2,"featured_media":0,"parent":0,"menu_order":0,"comment_status":"closed","ping_status":"closed","template":"","meta":{"_coblocks_attr":"","_coblocks_dimensions":"","_coblocks_responsive_height":"","_coblocks_accordion_ie_support":""},"rttpg_featured_image_url":null,"rttpg_author":{"display_name":"admin","author_link":"https:\/\/bruell-gruber.eu\/en\/author\/admin\/"},"rttpg_comment":0,"rttpg_category":null,"rttpg_excerpt":"Houzz Deutschland ist die f\u00fchrende Plattform f\u00fcr Interior Design, Architektur und Wohnen. Im Februar 2017 wurden die &#8222;Best Of Houzz Awards 2017 Deutschland&#8220; vergeben. Br\u00fcll + Gruber Metallbau freut sich \u00fcber diesen Design-Preis. Mit der Auszeichnung k\u00fcrt die Community der \u00fcber 40 Millionen monatlichen Nutzer die beliebtesten Wohn- und Bauexperten, die auf der Plattform aktiv...&hellip;","_links":{"self":[{"href":"https:\/\/bruell-gruber.eu\/en\/wp-json\/wp\/v2\/pages\/1578"}],"collection":[{"href":"https:\/\/bruell-gruber.eu\/en\/wp-json\/wp\/v2\/pages"}],"about":[{"href":"https:\/\/bruell-gruber.eu\/en\/wp-json\/wp\/v2\/types\/page"}],"author":[{"embeddable":true,"href":"https:\/\/bruell-gruber.eu\/en\/wp-json\/wp\/v2\/users\/2"}],"replies":[{"embeddable":true,"href":"https:\/\/bruell-gruber.eu\/en\/wp-json\/wp\/v2\/comments?post=1578"}],"version-history":[{"count":2,"href":"https:\/\/bruell-gruber.eu\/en\/wp-json\/wp\/v2\/pages\/1578\/revisions"}],"predecessor-version":[{"id":1917,"href":"https:\/\/bruell-gruber.eu\/en\/wp-json\/wp\/v2\/pages\/1578\/revisions\/1917"}],"wp:attachment":[{"href":"https:\/\/bruell-gruber.eu\/en\/wp-json\/wp\/v2\/media?parent=1578"}],"curies":[{"name":"wp","href":"https:\/\/api.w.org\/{rel}","templated":true}]}}