{"id":5,"date":"2019-04-15T09:41:06","date_gmt":"2019-04-15T06:41:06","guid":{"rendered":"https:\/\/bruell-gruber.antorit.de\/?page_id=5"},"modified":"2024-05-27T14:12:40","modified_gmt":"2024-05-27T11:12:40","slug":"firmenprofil","status":"publish","type":"page","link":"https:\/\/bruell-gruber.eu\/en\/firmenprofil\/","title":{"rendered":"Company profile"},"content":{"rendered":"<div class=\"wp-block-coblocks-row coblocks-row-92313252117\" data-columns=\"2\" data-layout=\"66-33\"><div class=\"wp-block-coblocks-row__inner has-no-padding has-no-margin is-stacked-on-mobile has-medium-gutter\">\n<div class=\"wp-block-coblocks-column coblocks-column-92313259290\" style=\"width:66%\"><div class=\"wp-block-coblocks-column__inner has-no-padding has-no-margin\">\n<h2><br><strong>Mit diesem Firmenprofil Br\u00fcll + Gruber Metallbau und Metalldesign m\u00f6chten wir uns Ihnen vorstellen<\/strong><\/h2>\n\n\n\n<p>Br\u00fcll + Gruber ist ein innovativer Handwerksbetrieb mit mehreren Gesch\u00e4ftsbereichen: Metall, Glas und Oberfl\u00e4chen. Die Schwerpunkte der Gesellschaft liegen in der kompletten Abdeckung des Metallsektors, der CAD-gest\u00fctzten Entwicklung und Planung sowie mit gewerk\u00fcbergreifenden Detaill\u00f6sungen f\u00fcr die Bereiche:<\/p>\n\n\n\n<ul><li>Objects directions<\/li><li>Planungsb\u00fcro f\u00fcr Villen und Hotel<\/li><li>representative projects<\/li><li>functional craftsmanship<\/li><li>detailed replicas<\/li><\/ul><br>\n\n\n\n<p>Eine weitere B+G-Spezialit\u00e4t ist die Fertigung  von hochwertigen Oberfl\u00e4chen mit den Methoden:<\/p><ul><li>Schleifen<\/li><li>B\u00fcrsten<\/li>\n<li>Satinieren und B\u00fcrsten<\/li><li>Hochglanzpolieren<\/li><\/ul>\n<br>\n<p>Bleche im Gro\u00dfformat bis 2 x 4 Meter bearbeiten wir mit der gro\u00dfen Fl\u00e4chenschleifmaschine.<\/p>\n\n\n\n<p>Auch die Industrielackierung geh\u00f6rt zu einem Gesch\u00e4ftszweig unseres Unternehmens. Hier k\u00f6nnen Konstruktionen bis zu 2,90 Meter L\u00e4nge einbrennlackiert werden.<\/p>\n\n\n\n<p>Die Produkte werden nach Architektenskizzen oder den Vorstellungen der Privatkunden hergestellt. Nach einer detailgetreuen und funktionalen Konstruktion werden alle Objekte den  verschiedenen Fertigungszweigen zugef\u00fchrt  und produziert.<\/p>\n\n\n\n<p>Durch die Vielzahl verschiedener Oberfl\u00e4chen sind den optischen Variationen keine Grenzen gesetzt. Wichtigster Grundsatz:<br><strong>Qualit\u00e4t und Einzigartigkeit der Gestaltung.<\/strong><\/p>\n<\/div><\/div>\n\n\n\n<div class=\"wp-block-coblocks-column coblocks-column-92313259314\" style=\"width:33%\"><div class=\"wp-block-coblocks-column__inner has-no-padding has-no-margin\">\n<figure class=\"wp-block-image\"><img width=\"1024\" height=\"768\" src=\"https:\/\/bruell-gruber.eu\/wp-content\/uploads\/2019\/11\/bundg_innen_994-1024x768.jpg\" alt=\"Br\u00fcll+Gruber Produktionshalle\" class=\"wp-image-1530\" srcset=\"https:\/\/bruell-gruber.eu\/wp-content\/uploads\/2019\/11\/bundg_innen_994-1024x768.jpg 1024w, https:\/\/bruell-gruber.eu\/wp-content\/uploads\/2019\/11\/bundg_innen_994-300x225.jpg 300w, https:\/\/bruell-gruber.eu\/wp-content\/uploads\/2019\/11\/bundg_innen_994-768x576.jpg 768w, https:\/\/bruell-gruber.eu\/wp-content\/uploads\/2019\/11\/bundg_innen_994.jpg 1200w\" sizes=\"(max-width: 1024px) 100vw, 1024px\" \/><\/figure>\n\n\n\n<figure class=\"wp-block-image\"><img width=\"1024\" height=\"768\" src=\"https:\/\/bruell-gruber.eu\/wp-content\/uploads\/2019\/11\/messingrohre_908-1024x768.jpg\" alt=\"Br\u00fcll+Gruber, Messingrohre\" class=\"wp-image-1531\" srcset=\"https:\/\/bruell-gruber.eu\/wp-content\/uploads\/2019\/11\/messingrohre_908-1024x768.jpg 1024w, https:\/\/bruell-gruber.eu\/wp-content\/uploads\/2019\/11\/messingrohre_908-300x225.jpg 300w, https:\/\/bruell-gruber.eu\/wp-content\/uploads\/2019\/11\/messingrohre_908-768x576.jpg 768w, https:\/\/bruell-gruber.eu\/wp-content\/uploads\/2019\/11\/messingrohre_908.jpg 1200w\" sizes=\"(max-width: 1024px) 100vw, 1024px\" \/><\/figure>\n\n\n\n<figure class=\"wp-block-image left-pic-rigt-text\"><img width=\"100\" height=\"99\" src=\"https:\/\/bruell-gruber.eu\/wp-content\/uploads\/2019\/11\/pq_vob.jpg\" alt=\"pr\u00e4qualifikation Bau von Br\u00fcll+Gruber\" class=\"wp-image-1507\"\/><figcaption><em>Br\u00fcll+Gruber besitzt die Pr\u00e4qualifikation Bau\/Registriernr. 011.140015  und ist Mitglied der Handwerkskammer f\u00fcr M\u00fcnchen und Oberbayern <\/em><\/figcaption><\/figure>\n\n\n\n<figure class=\"wp-block-image\"><br><img width=\"300\" height=\"43\" src=\"https:\/\/bruell-gruber.eu\/wp-content\/uploads\/2019\/11\/HWK_blau_300.jpg\" alt=\"\" class=\"wp-image-1509\"\/><\/figure>\n<\/div><\/div>\n<\/div><\/div>","protected":false},"excerpt":{"rendered":"","protected":false},"author":1,"featured_media":0,"parent":0,"menu_order":0,"comment_status":"closed","ping_status":"closed","template":"","meta":{"_coblocks_attr":"","_coblocks_dimensions":"","_coblocks_responsive_height":"","_coblocks_accordion_ie_support":""},"rttpg_featured_image_url":null,"rttpg_author":{"display_name":"","author_link":"https:\/\/bruell-gruber.eu\/en\/author\/"},"rttpg_comment":0,"rttpg_category":null,"rttpg_excerpt":null,"_links":{"self":[{"href":"https:\/\/bruell-gruber.eu\/en\/wp-json\/wp\/v2\/pages\/5"}],"collection":[{"href":"https:\/\/bruell-gruber.eu\/en\/wp-json\/wp\/v2\/pages"}],"about":[{"href":"https:\/\/bruell-gruber.eu\/en\/wp-json\/wp\/v2\/types\/page"}],"author":[{"embeddable":true,"href":"https:\/\/bruell-gruber.eu\/en\/wp-json\/wp\/v2\/users\/1"}],"replies":[{"embeddable":true,"href":"https:\/\/bruell-gruber.eu\/en\/wp-json\/wp\/v2\/comments?post=5"}],"version-history":[{"count":27,"href":"https:\/\/bruell-gruber.eu\/en\/wp-json\/wp\/v2\/pages\/5\/revisions"}],"predecessor-version":[{"id":4020,"href":"https:\/\/bruell-gruber.eu\/en\/wp-json\/wp\/v2\/pages\/5\/revisions\/4020"}],"wp:attachment":[{"href":"https:\/\/bruell-gruber.eu\/en\/wp-json\/wp\/v2\/media?parent=5"}],"curies":[{"name":"wp","href":"https:\/\/api.w.org\/{rel}","templated":true}]}}