{"id":57,"date":"2019-04-17T00:00:56","date_gmt":"2019-04-16T21:00:56","guid":{"rendered":"https:\/\/bruell-gruber.antorit.de\/?page_id=57"},"modified":"2022-05-15T12:08:14","modified_gmt":"2022-05-15T09:08:14","slug":"auszeichnungen","status":"publish","type":"page","link":"https:\/\/bruell-gruber.eu\/en\/auszeichnungen\/","title":{"rendered":"Awards"},"content":{"rendered":"<div class=\"wp-block-coblocks-row coblocks-row-1023213616997\" data-columns=\"2\" data-layout=\"33-66\"><div class=\"wp-block-coblocks-row__inner has-medium-gutter has-no-padding has-no-margin is-stacked-on-mobile\">\n<div class=\"wp-block-coblocks-column coblocks-column-1023213622916\" style=\"width:33%\"><div class=\"wp-block-coblocks-column__inner has-no-padding has-no-margin\">\n<div class=\"wp-block-image\"><figure class=\"aligncenter\"><a href=\"https:\/\/bruell-gruber.eu\/en\/houzz-award-2017-fuer-bruellgruber-metallbau\/\"><img width=\"300\" height=\"300\" src=\"https:\/\/bruell-gruber.eu\/wp-content\/uploads\/2019\/11\/Best_of_Houzz_2017_Award_Logo.png\" alt=\"\" class=\"wp-image-1565\"\/><\/a><\/figure><\/div>\n<\/div><\/div>\n\n\n\n<div class=\"wp-block-coblocks-column coblocks-column-1023213622927\" style=\"width:66%\"><div class=\"wp-block-coblocks-column__inner has-no-padding has-no-margin\">\n<h4><a href=\"https:\/\/bruell-gruber.eu\/en\/houzz-award-2017-fuer-bruellgruber-metallbau\/\">Design-Preis f\u00fcr B+G<\/a><\/h4>\n\n\n\n<p>Houzz Deutschland ist die f\u00fchrende Plattform f\u00fcr Interior Design, Architektur und Wohnen. Im Februar 2017  erhielt B+G den Designgpreis<\/p>\n\n\n\n<p><\/p>\n<\/div><\/div>\n<\/div><\/div>\n\n\n\n<div class=\"wp-block-coblocks-row coblocks-row-1023213836898\" data-columns=\"2\" data-layout=\"33-66\"><div class=\"wp-block-coblocks-row__inner has-medium-gutter has-no-padding has-no-margin is-stacked-on-mobile\">\n<div class=\"wp-block-coblocks-column coblocks-column-1023213845206\" style=\"width:33%\"><div class=\"wp-block-coblocks-column__inner has-no-padding has-no-margin\">\n<div class=\"wp-block-image\"><figure class=\"aligncenter size-large\"><a href=\"https:\/\/bruell-gruber.eu\/en\/design-preis-fuer-bruellgruber\/\"><img width=\"300\" height=\"429\" src=\"https:\/\/bruell-gruber.eu\/wp-content\/uploads\/2020\/10\/top-100-top-innovator-2015-1.jpg\" alt=\"Auszeichnung Top 100 Innovator 2015 f\u00fcr Br\u00fcll+Gruber\" class=\"wp-image-2345\" srcset=\"https:\/\/bruell-gruber.eu\/wp-content\/uploads\/2020\/10\/top-100-top-innovator-2015-1.jpg 300w, https:\/\/bruell-gruber.eu\/wp-content\/uploads\/2020\/10\/top-100-top-innovator-2015-1-210x300.jpg 210w\" sizes=\"(max-width: 300px) 100vw, 300px\" \/><\/a><\/figure><\/div>\n<\/div><\/div>\n\n\n\n<div class=\"wp-block-coblocks-column coblocks-column-1023213845220\" style=\"width:66%\"><div class=\"wp-block-coblocks-column__inner has-no-padding has-no-margin\">\n<h4><a href=\"https:\/\/bruell-gruber.eu\/en\/design-preis-fuer-bruellgruber\/\">Top 100 Innovationspreis<\/a><\/h4>\n\n\n\n<p>Br\u00fcll+Gruber erh\u00e4lt das Siegel &#8222;Top Innovator 2015&#8220; und z\u00e4hlt damit zu den 100 innovativsten Unternehmen Deutschlands<\/p>\n\n\n\n<p><\/p>\n<\/div><\/div>\n<\/div><\/div>\n\n\n\n<div class=\"wp-block-coblocks-row coblocks-row-102321512181\" data-columns=\"2\" data-layout=\"33-66\"><div class=\"wp-block-coblocks-row__inner has-medium-gutter has-no-padding has-no-margin is-stacked-on-mobile\">\n<div class=\"wp-block-coblocks-column coblocks-column-102321512441\" style=\"width:33%\"><div class=\"wp-block-coblocks-column__inner has-no-padding has-no-margin\">\n<div class=\"wp-block-image\"><figure class=\"aligncenter\"><a href=\"\/en\/erasmus-grasser-preis-fuer-bg\/\"><img width=\"300\" height=\"300\" src=\"https:\/\/bruell-gruber.eu\/wp-content\/uploads\/2019\/11\/erasmus-grasser-preis.png\" alt=\"\" class=\"wp-image-1566\"\/><\/a><\/figure><\/div>\n<\/div><\/div>\n\n\n\n<div class=\"wp-block-coblocks-column coblocks-column-102321512452\" style=\"width:66%\"><div class=\"wp-block-coblocks-column__inner has-no-padding has-no-margin\">\n<p> <\/p>\n\n\n\n<h4><a href=\"https:\/\/bruell-gruber.eu\/en\/erasmus-grasser-preis-fuer-bruell-und-gruber\/\">Erasmus Grasser-Preis f\u00fcr Br\u00fcll + Gruber<\/a><\/h4>\n\n\n\n<p>Br\u00fcll+Gruber\n erhielt 2010 diesen Preis der Stadt M\u00fcnchen f\u00fcr eine besonders hohe \nQualit\u00e4t der Ausbildung und f\u00fcr soziale Verdienste im Ausbildungsbereich<\/p>\n\n\n\n<p><\/p>\n<\/div><\/div>\n<\/div><\/div>\n\n\n\n<div class=\"wp-block-coblocks-row coblocks-row-102321368406\" data-columns=\"1\" data-layout=\"100\"><div class=\"wp-block-coblocks-row__inner has-medium-gutter has-no-padding has-no-margin is-stacked-on-mobile\">\n<div class=\"wp-block-coblocks-column coblocks-column-1023215737126\" style=\"width:100%\"><div class=\"wp-block-coblocks-column__inner has-no-padding has-no-margin\"><\/div><\/div>\n<\/div><\/div>","protected":false},"excerpt":{"rendered":"","protected":false},"author":1,"featured_media":0,"parent":0,"menu_order":0,"comment_status":"closed","ping_status":"closed","template":"","meta":{"_coblocks_attr":"","_coblocks_dimensions":"","_coblocks_responsive_height":"","_coblocks_accordion_ie_support":""},"rttpg_featured_image_url":null,"rttpg_author":{"display_name":"","author_link":"https:\/\/bruell-gruber.eu\/en\/author\/"},"rttpg_comment":0,"rttpg_category":null,"rttpg_excerpt":null,"_links":{"self":[{"href":"https:\/\/bruell-gruber.eu\/en\/wp-json\/wp\/v2\/pages\/57"}],"collection":[{"href":"https:\/\/bruell-gruber.eu\/en\/wp-json\/wp\/v2\/pages"}],"about":[{"href":"https:\/\/bruell-gruber.eu\/en\/wp-json\/wp\/v2\/types\/page"}],"author":[{"embeddable":true,"href":"https:\/\/bruell-gruber.eu\/en\/wp-json\/wp\/v2\/users\/1"}],"replies":[{"embeddable":true,"href":"https:\/\/bruell-gruber.eu\/en\/wp-json\/wp\/v2\/comments?post=57"}],"version-history":[{"count":7,"href":"https:\/\/bruell-gruber.eu\/en\/wp-json\/wp\/v2\/pages\/57\/revisions"}],"predecessor-version":[{"id":2821,"href":"https:\/\/bruell-gruber.eu\/en\/wp-json\/wp\/v2\/pages\/57\/revisions\/2821"}],"wp:attachment":[{"href":"https:\/\/bruell-gruber.eu\/en\/wp-json\/wp\/v2\/media?parent=57"}],"curies":[{"name":"wp","href":"https:\/\/api.w.org\/{rel}","templated":true}]}}