{"id":61,"date":"2019-04-17T00:01:39","date_gmt":"2019-04-16T21:01:39","guid":{"rendered":"https:\/\/bruell-gruber.antorit.de\/?page_id=61"},"modified":"2022-06-21T17:29:36","modified_gmt":"2022-06-21T14:29:36","slug":"videos","status":"publish","type":"page","link":"https:\/\/bruell-gruber.eu\/en\/videos\/","title":{"rendered":"Videos"},"content":{"rendered":"<div class=\"wp-block-coblocks-row coblocks-row-1011144929486\" data-columns=\"2\" data-layout=\"66-33\"><div class=\"wp-block-coblocks-row__inner has-no-padding has-no-margin is-stacked-on-mobile has-medium-gutter\">\n<div class=\"wp-block-coblocks-column coblocks-column-101114493610\" style=\"width:66%\"><div class=\"wp-block-coblocks-column__inner has-no-padding has-no-margin\">\n<figure class=\"wp-block-embed is-type-video is-provider-youtube wp-block-embed-youtube wp-embed-aspect-16-9 wp-has-aspect-ratio\"><div class=\"wp-block-embed__wrapper\">\n<div class=\"video-wrapped\" style=\"width: 640px; height: 360px; background-image: url('https:\/\/bruell-gruber.eu\/wp-content\/plugins\/video-embed-privacy\/preview\/NEMsQNV8Zac.jpg')\" data-embed-frame=\"&lt;iframe title=&quot;Imagefilm Br\u00fcll+Gruber + Co. GmbH&quot; width=&quot;640&quot; height=&quot;360&quot; src=&quot;https:\/\/www.youtube.com\/embed\/NEMsQNV8Zac?feature=oembed&quot; frameborder=&quot;0&quot; allow=&quot;accelerometer; autoplay; clipboard-write; encrypted-media; gyroscope; picture-in-picture&quot; allowfullscreen&gt;&lt;\/iframe&gt;\" data-embed-play=\"Abspielen&lt;div class=&quot;small&quot;&gt;Das Video wird von Youtube eingebettet abespielt. Es gilt die &lt;a href=&quot;https:\/\/www.google.com\/intl\/de\/policies\/privacy\/&quot; target=&quot;_blank&quot;&gt;Datenschutzerkl\u00e4rung von Google&lt;\/a&gt;&lt;\/div&gt;\"><div class=\"video-wrapped-nojs\">Aktivieren Sie JavaScript um das Video zu sehen.<br\/><a href=\"https:\/\/youtu.be\/NEMsQNV8Zac\">https:\/\/youtu.be\/NEMsQNV8Zac<\/a><\/div><\/div>\n<\/div><\/figure>\n<\/div><\/div>\n\n\n\n<div class=\"wp-block-coblocks-column coblocks-column-1011144936118\" style=\"width:33%\"><div class=\"wp-block-coblocks-column__inner has-no-padding has-no-margin\">\n<h2><strong>Br\u00fcll+Gruber stellt sich vor<\/strong><\/h2>\n\n\n\n<p>Das Firmenvideo von Br\u00fcll+Gruber Metallbau blickt hinter die Kulissen unserer Produktion und zeigt die vielf\u00e4ltige Produktpalette von B+G.<br><br><em>Dauer des Videos ca. 80 Sekunden.<\/em> <\/p>\n<\/div><\/div>\n<\/div><\/div>\n\n\n\n<div class=\"wp-container-3 wp-block-columns\">\n<div class=\"wp-container-1 wp-block-column\">\n<figure class=\"wp-block-embed is-type-video is-provider-youtube wp-block-embed-youtube wp-embed-aspect-16-9 wp-has-aspect-ratio\"><div class=\"wp-block-embed__wrapper\">\n<div class=\"video-wrapped\" style=\"width: 640px; height: 360px; background-image: url('https:\/\/bruell-gruber.eu\/wp-content\/plugins\/video-embed-privacy\/preview\/Y6_Ng6o4erI.jpg')\" data-embed-frame=\"&lt;iframe title=&quot;360 grad glastuerband&quot; width=&quot;640&quot; height=&quot;360&quot; src=&quot;https:\/\/www.youtube.com\/embed\/Y6_Ng6o4erI?feature=oembed&quot; frameborder=&quot;0&quot; allow=&quot;accelerometer; autoplay; clipboard-write; encrypted-media; gyroscope; picture-in-picture&quot; allowfullscreen&gt;&lt;\/iframe&gt;\" data-embed-play=\"Abspielen&lt;div class=&quot;small&quot;&gt;Das Video wird von Youtube eingebettet abespielt. Es gilt die &lt;a href=&quot;https:\/\/www.google.com\/intl\/de\/policies\/privacy\/&quot; target=&quot;_blank&quot;&gt;Datenschutzerkl\u00e4rung von Google&lt;\/a&gt;&lt;\/div&gt;\"><div class=\"video-wrapped-nojs\">Aktivieren Sie JavaScript um das Video zu sehen.<br\/><a href=\"https:\/\/youtu.be\/Y6_Ng6o4erI?rel=0\">https:\/\/youtu.be\/Y6_Ng6o4erI?rel=0<\/a><\/div><\/div>\n<\/div><\/figure>\n<\/div>\n\n\n\n<div class=\"wp-container-2 wp-block-column\">\n<h2><strong>Glast\u00fcr Scharnier mit 360-Grad \u00d6ffnung<\/strong><\/h2>\n\n\n\n<p>Unser Video zeigt die 3D-Funktion dieser Spezialscharniere. Gut geeignet f\u00fcr Glast\u00fcren, speziell in Duschen, sind die T\u00fcren um 360 Grad schwenkbar. Auch f\u00fcr schwere T\u00fcren geeignet. Die Beschl\u00e4ge sind in vielen Ausf\u00fchrungen erh\u00e4ltlich: Chrom, Nickel, br\u00fcniert, Messing poliert, Nickel matt und weitere.<br>Genauere Information finden Sie im Beitrag \u2192<a href=\"https:\/\/bruell-gruber.eu\/en\/glastuer-scharnier-fuer-360-grad-winkel\/\"> hier<\/a> <\/p>\n\n\n\n<p><em>Dauer des Videos ca. 30 Sekunden<\/em><\/p>\n<\/div>\n<\/div>\n\n\n\n<p><\/p>","protected":false},"excerpt":{"rendered":"<p>Glast\u00fcr Scharnier mit 360-Grad \u00d6ffnung Unser Video zeigt die 3D-Funktion dieser Spezialscharniere. Gut geeignet f\u00fcr Glast\u00fcren, speziell in Duschen, sind die T\u00fcren um 360 Grad schwenkbar. Auch f\u00fcr schwere T\u00fcren geeignet. Die Beschl\u00e4ge sind in vielen Ausf\u00fchrungen erh\u00e4ltlich: Chrom, Nickel, br\u00fcniert, Messing poliert, Nickel matt und weitere.Genauere Information finden Sie im Beitrag \u2192 hier Dauer&#8230; <a href=\"https:\/\/bruell-gruber.eu\/en\/videos\/\" class=\"readmore\">Read More<\/a><\/p>","protected":false},"author":1,"featured_media":0,"parent":0,"menu_order":0,"comment_status":"closed","ping_status":"closed","template":"","meta":{"_coblocks_attr":"","_coblocks_dimensions":"","_coblocks_responsive_height":"","_coblocks_accordion_ie_support":""},"rttpg_featured_image_url":null,"rttpg_author":{"display_name":"","author_link":"https:\/\/bruell-gruber.eu\/en\/author\/"},"rttpg_comment":0,"rttpg_category":null,"rttpg_excerpt":"Glast\u00fcr Scharnier mit 360-Grad \u00d6ffnung Unser Video zeigt die 3D-Funktion dieser Spezialscharniere. Gut geeignet f\u00fcr Glast\u00fcren, speziell in Duschen, sind die T\u00fcren um 360 Grad schwenkbar. Auch f\u00fcr schwere T\u00fcren geeignet. Die Beschl\u00e4ge sind in vielen Ausf\u00fchrungen erh\u00e4ltlich: Chrom, Nickel, br\u00fcniert, Messing poliert, Nickel matt und weitere.Genauere Information finden Sie im Beitrag \u2192 hier Dauer...&hellip;","_links":{"self":[{"href":"https:\/\/bruell-gruber.eu\/en\/wp-json\/wp\/v2\/pages\/61"}],"collection":[{"href":"https:\/\/bruell-gruber.eu\/en\/wp-json\/wp\/v2\/pages"}],"about":[{"href":"https:\/\/bruell-gruber.eu\/en\/wp-json\/wp\/v2\/types\/page"}],"author":[{"embeddable":true,"href":"https:\/\/bruell-gruber.eu\/en\/wp-json\/wp\/v2\/users\/1"}],"replies":[{"embeddable":true,"href":"https:\/\/bruell-gruber.eu\/en\/wp-json\/wp\/v2\/comments?post=61"}],"version-history":[{"count":6,"href":"https:\/\/bruell-gruber.eu\/en\/wp-json\/wp\/v2\/pages\/61\/revisions"}],"predecessor-version":[{"id":2923,"href":"https:\/\/bruell-gruber.eu\/en\/wp-json\/wp\/v2\/pages\/61\/revisions\/2923"}],"wp:attachment":[{"href":"https:\/\/bruell-gruber.eu\/en\/wp-json\/wp\/v2\/media?parent=61"}],"curies":[{"name":"wp","href":"https:\/\/api.w.org\/{rel}","templated":true}]}}