{"id":63,"date":"2019-04-17T00:01:54","date_gmt":"2019-04-16T21:01:54","guid":{"rendered":"https:\/\/bruell-gruber.antorit.de\/?page_id=63"},"modified":"2026-03-27T10:53:50","modified_gmt":"2026-03-27T07:53:50","slug":"kontakt","status":"publish","type":"page","link":"https:\/\/bruell-gruber.eu\/en\/kontakt\/","title":{"rendered":"Contacts"},"content":{"rendered":"<section class=\"contact-section\">\n<div class=\"row\">\n<p><!-- LINKS: Bild --><\/p>\n<div class=\"col-md-6\"><img width=\"707\" height=\"525\" class=\"wp-image-3100 img-fluid\" src=\"https:\/\/bruell-gruber.eu\/wp-content\/uploads\/2022\/11\/karte.png\" alt=\"\" srcset=\"https:\/\/bruell-gruber.eu\/wp-content\/uploads\/2022\/11\/karte.png 707w, https:\/\/bruell-gruber.eu\/wp-content\/uploads\/2022\/11\/karte-300x223.png 300w\" sizes=\"(max-width: 707px) 100vw, 707px\" \/><\/p>\n<h3>Kontaktformular<\/h3>\n<p>Sie haben eine Frage oder einen Hinweis f\u00fcr uns? Schreiben Sie uns eine Nachricht \u2013 wir sind gerne f\u00fcr Sie da<br \/>\n<div class=\"wpforms-container wpforms-container-full\" id=\"wpforms-4602\"><form id=\"wpforms-form-4602\" class=\"wpforms-validate wpforms-form wpforms-ajax-form\" data-formid=\"4602\" method=\"post\" enctype=\"multipart\/form-data\" action=\"\/en\/wp-json\/wp\/v2\/pages\/63\" data-token=\"5e250238dad913804ecc9d2d062587dc\" data-token-time=\"1777826059\" data-trp-original-action=\"\/en\/wp-json\/wp\/v2\/pages\/63\"><noscript class=\"wpforms-error-noscript\">Please enable JavaScript in your browser to complete this form.<\/noscript><div class=\"wpforms-field-container\"><div id=\"wpforms-4602-field_1-container\" class=\"wpforms-field wpforms-field-name\" data-field-id=\"1\"><label class=\"wpforms-field-label\">Name <span class=\"wpforms-required-label\">*<\/span><\/label><div class=\"wpforms-field-row wpforms-field-medium\"><div class=\"wpforms-field-row-block wpforms-first wpforms-one-half\"><input type=\"text\" id=\"wpforms-4602-field_1\" class=\"wpforms-field-name-first wpforms-field-required\" name=\"wpforms[fields][1][first]\" required><label for=\"wpforms-4602-field_1\" class=\"wpforms-field-sublabel after\">First<\/label><\/div><div class=\"wpforms-field-row-block wpforms-one-half\"><input type=\"text\" id=\"wpforms-4602-field_1-last\" class=\"wpforms-field-name-last wpforms-field-required\" name=\"wpforms[fields][1][last]\" required><label for=\"wpforms-4602-field_1-last\" class=\"wpforms-field-sublabel after\">Last<\/label><\/div><\/div><\/div><div id=\"wpforms-4602-field_2-container\" class=\"wpforms-field wpforms-field-email\" data-field-id=\"2\"><label class=\"wpforms-field-label\" for=\"wpforms-4602-field_2\">E-Mail-Adresse <span class=\"wpforms-required-label\">*<\/span><\/label><input type=\"email\" id=\"wpforms-4602-field_2\" class=\"wpforms-field-medium wpforms-field-required\" name=\"wpforms[fields][2]\" spellcheck=\"false\" required><\/div>\t\t<div id=\"wpforms-4602-field_4-container\"\n\t\t\tclass=\"wpforms-field wpforms-field-text\"\n\t\t\tdata-field-type=\"text\"\n\t\t\tdata-field-id=\"4\"\n\t\t\t>\n\t\t\t<label class=\"wpforms-field-label\" for=\"wpforms-4602-field_4\" >E-Mail-Adresse oder Name<\/label>\n\t\t\t<input type=\"text\" id=\"wpforms-4602-field_4\" class=\"wpforms-field-medium\" name=\"wpforms[fields][4]\" >\n\t\t<\/div>\n\t\t<div id=\"wpforms-4602-field_3-container\" class=\"wpforms-field wpforms-field-textarea\" data-field-id=\"3\"><label class=\"wpforms-field-label\" for=\"wpforms-4602-field_3\">Kommentar oder Nachricht<\/label><textarea id=\"wpforms-4602-field_3\" class=\"wpforms-field-medium\" name=\"wpforms[fields][3]\" ><\/textarea><\/div><script>\n\t\t\t\t( function() {\n\t\t\t\t\tconst style = document.createElement( 'style' );\n\t\t\t\t\tstyle.appendChild( document.createTextNode( '#wpforms-4602-field_4-container { position: absolute !important; overflow: hidden !important; display: inline !important; height: 1px !important; width: 1px !important; z-index: -1000 !important; padding: 0 !important; } #wpforms-4602-field_4-container input { visibility: hidden; } #wpforms-conversational-form-page #wpforms-4602-field_4-container label { counter-increment: none; }' ) );\n\t\t\t\t\tdocument.head.appendChild( style );\n\t\t\t\t\tdocument.currentScript?.remove();\n\t\t\t\t} )();\n\t\t\t<\/script><\/div><!-- .wpforms-field-container --><div class=\"wpforms-submit-container\" ><input type=\"hidden\" name=\"wpforms[id]\" value=\"4602\"><input type=\"hidden\" name=\"page_title\" value=\"\"><input type=\"hidden\" name=\"page_url\" value=\"https:\/\/bruell-gruber.eu\/en\/wp-json\/wp\/v2\/pages\/63\"><input type=\"hidden\" name=\"url_referer\" value=\"\"><button type=\"submit\" name=\"wpforms[submit]\" id=\"wpforms-submit-4602\" class=\"wpforms-submit\" data-alt-text=\"Wird gesendet\u00a0\u2026\" data-submit-text=\"Absenden\" aria-live=\"assertive\" value=\"wpforms-submit\">Absenden<\/button><img src=\"https:\/\/bruell-gruber.eu\/wp-content\/plugins\/wpforms-lite\/assets\/images\/submit-spin.svg\" class=\"wpforms-submit-spinner\" style=\"display: none;\" width=\"26\" height=\"26\" alt=\"Loading\"><\/div><input type=\"hidden\" name=\"trp-form-language\" value=\"en\"\/><\/form><\/div>  <!-- .wpforms-container --><\/p>\n<\/div>\n<p><!-- RECHTS: Kontaktinfos --><\/p>\n<div class=\"col-md-6 pdg-left-50\">\n<div class=\"row\">\n<div class=\"col-md-6\">\n<div class=\"contact-wrapper\">Phone:<br \/>\n<span class=\"color-text-accent fwb\"><a style=\"text-decoration: none\" href=\"tel:+498942730240\">+49 (089) 427 302 40<\/a><\/span><\/div>\n<div class=\"contact-wrapper\">Fax:<br \/>\n<span class=\"color-text-accent fwb\">+49 (089) 429521<\/span><\/div>\n<div class=\"contact-wrapper\">E-mail:<br \/>\n<span class=\"color-text-accent fwb\"><br \/>\n<a href=\"mailto:info@bruell-gruber.eu\">info@bruell-gruber.eu<\/a><br \/>\n<\/span><\/div>\n<div class=\"contact-wrapper\">Address:<br \/>\n<span class=\"color-text-accent fwb\"><br \/>\nBr\u00fcll + Gruber GmbH<br \/>\nKirchenstr. 6<br \/>\n85630 Grasbrunn<br \/>\n<\/span><\/div>\n<\/div>\n<div class=\"col-md-6 ta-center\">\n<p class=\"color-text-accent fwb\">Unsere Firma befindet sich in Grasbrunn, ca. 8 km vom \u00f6stlichen Stadtrand M\u00fcnchens entfernt.<\/p>\n<div class=\"accent-underline-short\"><\/div>\n<div class=\"mg-btm-20\">Business hours:<br \/>\n<span class=\"color-text-accent fwb\"><br \/>\nMo.-Fr.: 8.00\u201312.30<br \/>\nund 13.00\u201317.00<br \/>\n<\/span><\/div>\n<\/div>\n<div class=\"col-md-12\">\n<div class=\"header-accent mg-top-20\">Directions:<\/div>\n<p class=\"f1\">\u00d6ffentlich: Vom U-Bahnhof Neuperlach S\u00fcd bringt Sie die Buslinie 212 nach Grasbrunn, Haltestelle Kirchplatz.<\/p>\n<p>PKW: Unsere Firma befindet sich gegen\u00fcber der Kirche, neben dem Hofladen Moar. Zugang und Zufahrt erfolgen \u00fcber die Keferloher Stra\u00dfe.<\/p>\n<\/div>\n<\/div>\n<\/div>\n<\/div>\n<\/section>","protected":false},"excerpt":{"rendered":"<p>Kontaktformular Sie haben eine Frage oder einen Hinweis f\u00fcr uns? Schreiben Sie uns eine Nachricht \u2013 wir sind gerne f\u00fcr Sie da Fon: +49 (089) 427 302 40 Fax: +49 (089) 429521 Mail: info@bruell-gruber.eu Adresse: Br\u00fcll + Gruber GmbH Kirchenstr. 6 85630 Grasbrunn Unsere Firma befindet sich in Grasbrunn, ca. 8 km vom \u00f6stlichen Stadtrand&#8230; <a href=\"https:\/\/bruell-gruber.eu\/en\/kontakt\/\" class=\"readmore\">Read More<\/a><\/p>","protected":false},"author":1,"featured_media":0,"parent":0,"menu_order":0,"comment_status":"closed","ping_status":"closed","template":"","meta":{"_coblocks_attr":"","_coblocks_dimensions":"","_coblocks_responsive_height":"","_coblocks_accordion_ie_support":""},"rttpg_featured_image_url":null,"rttpg_author":{"display_name":"","author_link":"https:\/\/bruell-gruber.eu\/en\/author\/"},"rttpg_comment":0,"rttpg_category":null,"rttpg_excerpt":"Kontaktformular Sie haben eine Frage oder einen Hinweis f\u00fcr uns? Schreiben Sie uns eine Nachricht \u2013 wir sind gerne f\u00fcr Sie da Fon: +49 (089) 427 302 40 Fax: +49 (089) 429521 Mail: info@bruell-gruber.eu Adresse: Br\u00fcll + Gruber GmbH Kirchenstr. 6 85630 Grasbrunn Unsere Firma befindet sich in Grasbrunn, ca. 8 km vom \u00f6stlichen Stadtrand...&hellip;","_links":{"self":[{"href":"https:\/\/bruell-gruber.eu\/en\/wp-json\/wp\/v2\/pages\/63"}],"collection":[{"href":"https:\/\/bruell-gruber.eu\/en\/wp-json\/wp\/v2\/pages"}],"about":[{"href":"https:\/\/bruell-gruber.eu\/en\/wp-json\/wp\/v2\/types\/page"}],"author":[{"embeddable":true,"href":"https:\/\/bruell-gruber.eu\/en\/wp-json\/wp\/v2\/users\/1"}],"replies":[{"embeddable":true,"href":"https:\/\/bruell-gruber.eu\/en\/wp-json\/wp\/v2\/comments?post=63"}],"version-history":[{"count":32,"href":"https:\/\/bruell-gruber.eu\/en\/wp-json\/wp\/v2\/pages\/63\/revisions"}],"predecessor-version":[{"id":4624,"href":"https:\/\/bruell-gruber.eu\/en\/wp-json\/wp\/v2\/pages\/63\/revisions\/4624"}],"wp:attachment":[{"href":"https:\/\/bruell-gruber.eu\/en\/wp-json\/wp\/v2\/media?parent=63"}],"curies":[{"name":"wp","href":"https:\/\/api.w.org\/{rel}","templated":true}]}}