{"id":65,"date":"2019-04-17T00:02:10","date_gmt":"2019-04-16T21:02:10","guid":{"rendered":"https:\/\/bruell-gruber.antorit.de\/?page_id=65"},"modified":"2025-05-07T11:59:58","modified_gmt":"2025-05-07T08:59:58","slug":"impressum","status":"publish","type":"page","link":"https:\/\/bruell-gruber.eu\/en\/impressum\/","title":{"rendered":"Imprint"},"content":{"rendered":"<p><\/p>\n\n\n\n<p>Angaben gem\u00e4\u00df \u00a7 5 TMG:<br>Br\u00fcll + Gruber GmbH <br>Kirchenstr. 6<br>85630 Grasbrunn<\/p>\n\n\n\n<h2><\/h2>\n\n\n\n<p>Vertreten durch:<br>Gesch\u00e4ftsf\u00fchrer  Harald Gruber <\/p>\n\n\n\n<p><strong>Kontakt:<\/strong><\/p>\n\n\n\n<p>Telefon: +49 (0)89\/427 30 240<br>Fax: +49 (0)89\/42 95 21<br>Email: info@bruell-gruber.de<\/p>\n\n\n\n<p class=\"has-text-align-left\"><strong>Registereintrag:<\/strong><br>Eintragung im Handelsregister.<br>Registergericht: Amtsgericht M\u00fcnchen<br>Registernummer: B 53119<\/p>\n\n\n\n<p>Umsatzsteuer:<br>Umsatzsteuer-Identifikationsnummer gem\u00e4\u00df \u00a727 a Umsatzsteuergesetz:<br>DE 179120521<\/p>\n\n\n\n<p><strong>Streitschlichtung:<\/strong><br>Die Europ\u00e4ische Kommission stellt eine Plattform zur Online-Streitbeilegung (OS) bereit:<br>https:\/\/ec.europa.eu\/consumers\/odr.<br>Unsere E-Mail-Adresse finden Sie oben im Impressum.<\/p>\n\n\n\n<p>Wir sind nicht bereit oder verpflichtet, an Streitbeilegungsverfahren vor einer Verbraucherschlichtungsstelle teilzunehmen.<\/p>\n\n\n\n<p><strong>Haftung f\u00fcr Inhalte<br><\/strong>Als Diensteanbieter sind wir gem\u00e4\u00df \u00a7 7 Abs.1 TMG f\u00fcr eigene Inhalte auf diesen Seiten nach den allgemeinen Gesetzen verantwortlich. Nach \u00a7\u00a7 8 bis 10 TMG sind wir als Diensteanbieter jedoch nicht verpflichtet, \u00fcbermittelte oder gespeicherte fremde Informationen zu \u00fcberwachen oder nach Umst\u00e4nden zu forschen, die auf eine rechtswidrige T\u00e4tigkeit hinweisen.<\/p>\n\n\n\n<p>Verpflichtungen zur Entfernung oder Sperrung der Nutzung von Informationen nach den allgemeinen Gesetzen bleiben hiervon unber\u00fchrt. Eine diesbez\u00fcgliche Haftung ist jedoch erst ab dem Zeitpunkt der Kenntnis einer konkreten Rechtsverletzung m\u00f6glich. Bei Bekanntwerden von entsprechenden Rechtsverletzungen werden wir diese Inhalte umgehend entfernen.<\/p>\n\n\n\n<p><strong>Haftung f\u00fcr Links<\/strong><br> Unser Angebot enth\u00e4lt Links zu externen Websites Dritter, auf deren Inhalte wir keinen Einfluss haben. Deshalb k\u00f6nnen wir f\u00fcr diese fremden Inhalte auch keine Gew\u00e4hr \u00fcbernehmen. F\u00fcr die Inhalte der verlinkten Seiten ist stets der jeweilige Anbieter oder Betreiber der Seiten verantwortlich. Die verlinkten Seiten wurden zum Zeitpunkt der Verlinkung auf m\u00f6gliche Rechtsverst\u00f6\u00dfe \u00fcberpr\u00fcft. Rechtswidrige Inhalte waren zum Zeitpunkt der Verlinkung nicht erkennbar.<\/p>\n\n\n\n<p>Eine permanente inhaltliche Kontrolle der verlinkten Seiten ist jedoch ohne konkrete Anhaltspunkte einer Rechtsverletzung nicht zumutbar. Bei Bekanntwerden von Rechtsverletzungen werden wir derartige Links umgehend entfernen.<\/p>\n\n\n\n<p><strong>Urheberrecht<\/strong><br>Die durch die Seitenbetreiber erstellten Inhalte und Werke auf diesen Seiten unterliegen dem deutschen Urheberrecht. Die Vervielf\u00e4ltigung, Bearbeitung, Verbreitung und jede Art der Verwertung au\u00dferhalb der Grenzen des Urheberrechtes bed\u00fcrfen der schriftlichen Zustimmung des jeweiligen Autors bzw. Erstellers. Downloads und Kopien dieser Seite sind nur f\u00fcr den privaten, nicht kommerziellen Gebrauch gestattet.<br>Soweit die Inhalte auf dieser Seite nicht vom Betreiber erstellt wurden, werden die Urheberrechte Dritter beachtet. Insbesondere werden Inhalte Dritter als solche gekennzeichnet. Sollten Sie trotzdem auf eine Urheberrechtsverletzung aufmerksam werden, bitten wir um einen entsprechenden Hinweis. Bei Bekanntwerden von Rechtsverletzungen werden wir derartige Inhalte umgehend entfernen.<\/p>\n\n\n\n<p><strong>Copyright:<\/strong><br>Alle auf dieser Website verwendeten Bilder, Grafiken und Muster sind urheberrechtlich gesch\u00fctzt. Weiterverbreitung und Vervielf\u00e4ltigung in jeglicher, vor allem digitaler Form, bed\u00fcrfen der Genehmigung.<\/p>\n\n\n\n<p><\/p>","protected":false},"excerpt":{"rendered":"<p>Angaben gem\u00e4\u00df \u00a7 5 TMG:Br\u00fcll + Gruber GmbH Kirchenstr. 685630 Grasbrunn Vertreten durch:Gesch\u00e4ftsf\u00fchrer Harald Gruber Kontakt: Telefon: +49 (0)89\/427 30 240Fax: +49 (0)89\/42 95 21Email: info@bruell-gruber.de Registereintrag:Eintragung im Handelsregister.Registergericht: Amtsgericht M\u00fcnchenRegisternummer: B 53119 Umsatzsteuer:Umsatzsteuer-Identifikationsnummer gem\u00e4\u00df \u00a727 a Umsatzsteuergesetz:DE 179120521 Streitschlichtung:Die Europ\u00e4ische Kommission stellt eine Plattform zur Online-Streitbeilegung (OS) bereit:https:\/\/ec.europa.eu\/consumers\/odr.Unsere E-Mail-Adresse finden Sie oben im Impressum&#8230;. <a href=\"https:\/\/bruell-gruber.eu\/en\/impressum\/\" class=\"readmore\">Read More<\/a><\/p>","protected":false},"author":1,"featured_media":0,"parent":0,"menu_order":0,"comment_status":"closed","ping_status":"closed","template":"","meta":{"_coblocks_attr":"","_coblocks_dimensions":"","_coblocks_responsive_height":"","_coblocks_accordion_ie_support":""},"rttpg_featured_image_url":null,"rttpg_author":{"display_name":"","author_link":"https:\/\/bruell-gruber.eu\/en\/author\/"},"rttpg_comment":0,"rttpg_category":null,"rttpg_excerpt":"Angaben gem\u00e4\u00df \u00a7 5 TMG:Br\u00fcll + Gruber GmbH Kirchenstr. 685630 Grasbrunn Vertreten durch:Gesch\u00e4ftsf\u00fchrer Harald Gruber Kontakt: Telefon: +49 (0)89\/427 30 240Fax: +49 (0)89\/42 95 21Email: info@bruell-gruber.de Registereintrag:Eintragung im Handelsregister.Registergericht: Amtsgericht M\u00fcnchenRegisternummer: B 53119 Umsatzsteuer:Umsatzsteuer-Identifikationsnummer gem\u00e4\u00df \u00a727 a Umsatzsteuergesetz:DE 179120521 Streitschlichtung:Die Europ\u00e4ische Kommission stellt eine Plattform zur Online-Streitbeilegung (OS) bereit:https:\/\/ec.europa.eu\/consumers\/odr.Unsere E-Mail-Adresse finden Sie oben im Impressum....&hellip;","_links":{"self":[{"href":"https:\/\/bruell-gruber.eu\/en\/wp-json\/wp\/v2\/pages\/65"}],"collection":[{"href":"https:\/\/bruell-gruber.eu\/en\/wp-json\/wp\/v2\/pages"}],"about":[{"href":"https:\/\/bruell-gruber.eu\/en\/wp-json\/wp\/v2\/types\/page"}],"author":[{"embeddable":true,"href":"https:\/\/bruell-gruber.eu\/en\/wp-json\/wp\/v2\/users\/1"}],"replies":[{"embeddable":true,"href":"https:\/\/bruell-gruber.eu\/en\/wp-json\/wp\/v2\/comments?post=65"}],"version-history":[{"count":3,"href":"https:\/\/bruell-gruber.eu\/en\/wp-json\/wp\/v2\/pages\/65\/revisions"}],"predecessor-version":[{"id":4411,"href":"https:\/\/bruell-gruber.eu\/en\/wp-json\/wp\/v2\/pages\/65\/revisions\/4411"}],"wp:attachment":[{"href":"https:\/\/bruell-gruber.eu\/en\/wp-json\/wp\/v2\/media?parent=65"}],"curies":[{"name":"wp","href":"https:\/\/api.w.org\/{rel}","templated":true}]}}